{"id":2357,"date":"2022-03-22T22:45:51","date_gmt":"2022-03-22T21:45:51","guid":{"rendered":"https:\/\/www.kwikk.se\/?page_id=2357"},"modified":"2022-04-20T23:21:46","modified_gmt":"2022-04-20T22:21:46","slug":"om-oss","status":"publish","type":"page","link":"https:\/\/www.kwikk.se\/en\/om-oss\/","title":{"rendered":"Om oss"},"content":{"rendered":"\t\t<div data-elementor-type=\"wp-page\" data-elementor-id=\"2357\" class=\"elementor elementor-2357\">\n\t\t\t\t\t\t\t\t\t<section class=\"elementor-section elementor-top-section elementor-element elementor-element-df9cf52 elementor-section-full_width elementor-section-height-default elementor-section-height-default parallax_section_no qode_elementor_container_no\" data-id=\"df9cf52\" data-element_type=\"section\">\n\t\t\t\t\t\t\t<div class=\"elementor-background-overlay\"><\/div>\n\t\t\t\t\t\t\t<div class=\"elementor-container elementor-column-gap-default\">\n\t\t\t\t\t<div class=\"elementor-column elementor-col-50 elementor-top-column elementor-element elementor-element-a36f893 animated-slow elementor-invisible\" data-id=\"a36f893\" data-element_type=\"column\" data-settings=\"{&quot;animation&quot;:&quot;fadeIn&quot;}\">\n\t\t\t<div class=\"elementor-widget-wrap elementor-element-populated\">\n\t\t\t\t\t\t\t\t<div class=\"elementor-element elementor-element-6885fac elementor-widget elementor-widget-heading\" data-id=\"6885fac\" data-element_type=\"widget\" data-widget_type=\"heading.default\">\n\t\t\t\t<div class=\"elementor-widget-container\">\n\t\t\t<style>\/*! elementor - v3.15.0 - 20-08-2023 *\/\n.elementor-heading-title{padding:0;margin:0;line-height:1}.elementor-widget-heading .elementor-heading-title[class*=elementor-size-]>a{color:inherit;font-size:inherit;line-height:inherit}.elementor-widget-heading .elementor-heading-title.elementor-size-small{font-size:15px}.elementor-widget-heading .elementor-heading-title.elementor-size-medium{font-size:19px}.elementor-widget-heading .elementor-heading-title.elementor-size-large{font-size:29px}.elementor-widget-heading .elementor-heading-title.elementor-size-xl{font-size:39px}.elementor-widget-heading .elementor-heading-title.elementor-size-xxl{font-size:59px}<\/style><h1 class=\"elementor-heading-title elementor-size-default\">F\u00f6r att lokala f\u00f6retag ska v\u00e4xa<\/h1>\t\t<\/div>\n\t\t\t\t<\/div>\n\t\t\t\t<div class=\"elementor-element elementor-element-bcc088e elementor-widget elementor-widget-heading\" data-id=\"bcc088e\" data-element_type=\"widget\" data-widget_type=\"heading.default\">\n\t\t\t\t<div class=\"elementor-widget-container\">\n\t\t\t<h4 class=\"elementor-heading-title elementor-size-default\">Ett nytt s\u00e4tt att ta betalt p\u00e5 n\u00e4tet<\/h4>\t\t<\/div>\n\t\t\t\t<\/div>\n\t\t\t\t<div class=\"elementor-element elementor-element-7cabc0d elementor-widget elementor-widget-heading\" data-id=\"7cabc0d\" data-element_type=\"widget\" data-widget_type=\"heading.default\">\n\t\t\t\t<div class=\"elementor-widget-container\">\n\t\t\t<p class=\"elementor-heading-title elementor-size-default\">Efter att ha h\u00f6rt \"e-handel \u00e4r nog ingenting f\u00f6r mig\" en g\u00e5ng f\u00f6r mycket, best\u00e4mde vi oss f\u00f6r att det var dags att g\u00f6ra n\u00e5got annorlunda. Att s\u00e4nka tr\u00f6skeln till handel p\u00e5 n\u00e4tet \u2013 f\u00f6r alla.<br><br>\n\nMedan vi m\u00f6tte f\u00f6retagare inom m\u00e5nga olika branscher b\u00f6rjade vi se ett m\u00f6nster: det var f\u00f6r omst\u00e4ndigt, tidskr\u00e4vande och kostsamt att b\u00f6rja s\u00e4lja p\u00e5 n\u00e4tet. Vi s\u00e5g att det beh\u00f6vdes en f\u00f6r\u00e4ndring och f\u00f6rstod snart att vi beh\u00f6vde bygga n\u00e5got helt nytt. \n<br><br>\nResultatet blev Kwikk, en tj\u00e4nst som kan anv\u00e4ndas av vem som helst f\u00f6r att ta betalt p\u00e5 n\u00e4tet.<\/p>\t\t<\/div>\n\t\t\t\t<\/div>\n\t\t\t\t<div class=\"elementor-element elementor-element-fbb02c7 elementor-align-left elementor-widget elementor-widget-button\" data-id=\"fbb02c7\" data-element_type=\"widget\" data-widget_type=\"button.default\">\n\t\t\t\t<div class=\"elementor-widget-container\">\n\t\t\t\t\t<div class=\"elementor-button-wrapper\">\n\t\t\t<a class=\"elementor-button elementor-button-link elementor-size-md\" href=\"\/sa-funkar-det\/\">\n\t\t\t\t\t\t<span class=\"elementor-button-content-wrapper\">\n\t\t\t\t\t\t<span class=\"elementor-button-text\">S\u00e5 fungerar Kwikk<\/span>\n\t\t<\/span>\n\t\t\t\t\t<\/a>\n\t\t<\/div>\n\t\t\t\t<\/div>\n\t\t\t\t<\/div>\n\t\t\t\t\t<\/div>\n\t\t<\/div>\n\t\t\t\t<div class=\"elementor-column elementor-col-50 elementor-top-column elementor-element elementor-element-2517e74 animated-slow elementor-invisible\" data-id=\"2517e74\" data-element_type=\"column\" data-settings=\"{&quot;animation&quot;:&quot;fadeInRight&quot;}\">\n\t\t\t<div class=\"elementor-widget-wrap elementor-element-populated\">\n\t\t\t\t\t\t\t\t<div class=\"elementor-element elementor-element-a119cef elementor-widget elementor-widget-image\" data-id=\"a119cef\" data-element_type=\"widget\" data-widget_type=\"image.default\">\n\t\t\t\t<div class=\"elementor-widget-container\">\n\t\t\t<style>\/*! elementor - v3.15.0 - 20-08-2023 *\/\n.elementor-widget-image{text-align:center}.elementor-widget-image a{display:inline-block}.elementor-widget-image a img[src$=\".svg\"]{width:48px}.elementor-widget-image img{vertical-align:middle;display:inline-block}<\/style>\t\t\t\t\t\t\t\t\t\t\t\t<img width=\"1024\" height=\"683\" src=\"https:\/\/www.kwikk.se\/en\/wp-content\/uploads\/2022\/03\/Kwikk_11_bw-1024x683.jpg\" class=\"attachment-large size-large wp-image-2356\" alt=\"\" loading=\"lazy\" srcset=\"https:\/\/www.kwikk.se\/en\/wp-content\/uploads\/2022\/03\/Kwikk_11_bw-1024x683.jpg 1024w, https:\/\/www.kwikk.se\/en\/wp-content\/uploads\/2022\/03\/Kwikk_11_bw-300x200.jpg 300w, https:\/\/www.kwikk.se\/en\/wp-content\/uploads\/2022\/03\/Kwikk_11_bw-768x512.jpg 768w, https:\/\/www.kwikk.se\/en\/wp-content\/uploads\/2022\/03\/Kwikk_11_bw-1536x1024.jpg 1536w, https:\/\/www.kwikk.se\/en\/wp-content\/uploads\/2022\/03\/Kwikk_11_bw-2048x1365.jpg 2048w, https:\/\/www.kwikk.se\/en\/wp-content\/uploads\/2022\/03\/Kwikk_11_bw-700x467.jpg 700w\" sizes=\"(max-width: 1024px) 100vw, 1024px\" \/>\t\t\t\t\t\t\t\t\t\t\t\t\t\t\t<\/div>\n\t\t\t\t<\/div>\n\t\t\t\t<div class=\"elementor-element elementor-element-e086d2c elementor-widget elementor-widget-text-editor\" data-id=\"e086d2c\" data-element_type=\"widget\" data-widget_type=\"text-editor.default\">\n\t\t\t\t<div class=\"elementor-widget-container\">\n\t\t\t<style>\/*! elementor - v3.15.0 - 20-08-2023 *\/\n.elementor-widget-text-editor.elementor-drop-cap-view-stacked .elementor-drop-cap{background-color:#69727d;color:#fff}.elementor-widget-text-editor.elementor-drop-cap-view-framed .elementor-drop-cap{color:#69727d;border:3px solid;background-color:transparent}.elementor-widget-text-editor:not(.elementor-drop-cap-view-default) .elementor-drop-cap{margin-top:8px}.elementor-widget-text-editor:not(.elementor-drop-cap-view-default) .elementor-drop-cap-letter{width:1em;height:1em}.elementor-widget-text-editor .elementor-drop-cap{float:left;text-align:center;line-height:1;font-size:50px}.elementor-widget-text-editor .elementor-drop-cap-letter{display:inline-block}<\/style>\t\t\t\t<p><em>Kwikk grundades av Madelena Stunis, David Forsberg och Joakim Andersson.<\/em><\/p>\t\t\t\t\t\t<\/div>\n\t\t\t\t<\/div>\n\t\t\t\t\t<\/div>\n\t\t<\/div>\n\t\t\t\t\t\t\t<\/div>\n\t\t<\/section>\n\t\t\t\t<section class=\"elementor-section elementor-top-section elementor-element elementor-element-f703153 elementor-section-full_width elementor-section-height-default elementor-section-height-default parallax_section_no qode_elementor_container_no\" data-id=\"f703153\" data-element_type=\"section\">\n\t\t\t\t\t\t\t<div class=\"elementor-background-overlay\"><\/div>\n\t\t\t\t\t\t\t<div class=\"elementor-container elementor-column-gap-default\">\n\t\t\t\t\t<div class=\"elementor-column elementor-col-50 elementor-top-column elementor-element elementor-element-f650877 animated-slow elementor-invisible\" data-id=\"f650877\" data-element_type=\"column\" data-settings=\"{&quot;animation&quot;:&quot;fadeInLeft&quot;,&quot;animation_laptop&quot;:&quot;fadeInLeft&quot;}\">\n\t\t\t<div class=\"elementor-widget-wrap elementor-element-populated\">\n\t\t\t\t\t\t\t\t<div class=\"elementor-element elementor-element-68d6e0f elementor-widget elementor-widget-image\" data-id=\"68d6e0f\" data-element_type=\"widget\" data-settings=\"{&quot;_animation_laptop&quot;:&quot;none&quot;}\" data-widget_type=\"image.default\">\n\t\t\t\t<div class=\"elementor-widget-container\">\n\t\t\t\t\t\t\t\t\t\t\t\t\t\t\t<img width=\"1973\" height=\"1973\" src=\"https:\/\/www.kwikk.se\/en\/wp-content\/uploads\/2022\/04\/pexels-jonathan-petersson-1076180-square.jpg\" class=\"attachment-2048x2048 size-2048x2048 wp-image-4089\" alt=\"\" loading=\"lazy\" srcset=\"https:\/\/www.kwikk.se\/en\/wp-content\/uploads\/2022\/04\/pexels-jonathan-petersson-1076180-square.jpg 1973w, https:\/\/www.kwikk.se\/en\/wp-content\/uploads\/2022\/04\/pexels-jonathan-petersson-1076180-square-300x300.jpg 300w, https:\/\/www.kwikk.se\/en\/wp-content\/uploads\/2022\/04\/pexels-jonathan-petersson-1076180-square-1024x1024.jpg 1024w, https:\/\/www.kwikk.se\/en\/wp-content\/uploads\/2022\/04\/pexels-jonathan-petersson-1076180-square-150x150.jpg 150w, https:\/\/www.kwikk.se\/en\/wp-content\/uploads\/2022\/04\/pexels-jonathan-petersson-1076180-square-768x768.jpg 768w, https:\/\/www.kwikk.se\/en\/wp-content\/uploads\/2022\/04\/pexels-jonathan-petersson-1076180-square-1536x1536.jpg 1536w, https:\/\/www.kwikk.se\/en\/wp-content\/uploads\/2022\/04\/pexels-jonathan-petersson-1076180-square-570x570.jpg 570w, https:\/\/www.kwikk.se\/en\/wp-content\/uploads\/2022\/04\/pexels-jonathan-petersson-1076180-square-500x500.jpg 500w, https:\/\/www.kwikk.se\/en\/wp-content\/uploads\/2022\/04\/pexels-jonathan-petersson-1076180-square-1000x1000.jpg 1000w, https:\/\/www.kwikk.se\/en\/wp-content\/uploads\/2022\/04\/pexels-jonathan-petersson-1076180-square-700x700.jpg 700w, https:\/\/www.kwikk.se\/en\/wp-content\/uploads\/2022\/04\/pexels-jonathan-petersson-1076180-square-650x650.jpg 650w, https:\/\/www.kwikk.se\/en\/wp-content\/uploads\/2022\/04\/pexels-jonathan-petersson-1076180-square-1300x1300.jpg 1300w\" sizes=\"(max-width: 1973px) 100vw, 1973px\" \/>\t\t\t\t\t\t\t\t\t\t\t\t\t\t\t<\/div>\n\t\t\t\t<\/div>\n\t\t\t\t<div class=\"elementor-element elementor-element-e375d7c elementor-widget elementor-widget-spacer\" data-id=\"e375d7c\" data-element_type=\"widget\" data-widget_type=\"spacer.default\">\n\t\t\t\t<div class=\"elementor-widget-container\">\n\t\t\t<style>\/*! elementor - v3.15.0 - 20-08-2023 *\/\n.elementor-column .elementor-spacer-inner{height:var(--spacer-size)}.e-con{--container-widget-width:100%}.e-con-inner>.elementor-widget-spacer,.e-con>.elementor-widget-spacer{width:var(--container-widget-width,var(--spacer-size));--align-self:var(--container-widget-align-self,initial);--flex-shrink:0}.e-con-inner>.elementor-widget-spacer>.elementor-widget-container,.e-con-inner>.elementor-widget-spacer>.elementor-widget-container>.elementor-spacer,.e-con>.elementor-widget-spacer>.elementor-widget-container,.e-con>.elementor-widget-spacer>.elementor-widget-container>.elementor-spacer{height:100%}.e-con-inner>.elementor-widget-spacer>.elementor-widget-container>.elementor-spacer>.elementor-spacer-inner,.e-con>.elementor-widget-spacer>.elementor-widget-container>.elementor-spacer>.elementor-spacer-inner{height:var(--container-widget-height,var(--spacer-size))}<\/style>\t\t<div class=\"elementor-spacer\">\n\t\t\t<div class=\"elementor-spacer-inner\"><\/div>\n\t\t<\/div>\n\t\t\t\t<\/div>\n\t\t\t\t<\/div>\n\t\t\t\t\t<\/div>\n\t\t<\/div>\n\t\t\t\t<div class=\"elementor-column elementor-col-50 elementor-top-column elementor-element elementor-element-7a75f5a animated-slow elementor-invisible\" data-id=\"7a75f5a\" data-element_type=\"column\" data-settings=\"{&quot;animation&quot;:&quot;fadeIn&quot;}\">\n\t\t\t<div class=\"elementor-widget-wrap elementor-element-populated\">\n\t\t\t\t\t\t\t\t<div class=\"elementor-element elementor-element-c9dba48 elementor-widget elementor-widget-heading\" data-id=\"c9dba48\" data-element_type=\"widget\" data-widget_type=\"heading.default\">\n\t\t\t\t<div class=\"elementor-widget-container\">\n\t\t\t<p class=\"elementor-heading-title elementor-size-default\">V\u00c5R DRIVKRAFT<\/p>\t\t<\/div>\n\t\t\t\t<\/div>\n\t\t\t\t<div class=\"elementor-element elementor-element-28f0163 elementor-widget elementor-widget-heading\" data-id=\"28f0163\" data-element_type=\"widget\" data-widget_type=\"heading.default\">\n\t\t\t\t<div class=\"elementor-widget-container\">\n\t\t\t<h1 class=\"elementor-heading-title elementor-size-default\">En levande landsbygd<\/h1>\t\t<\/div>\n\t\t\t\t<\/div>\n\t\t\t\t<div class=\"elementor-element elementor-element-af6898f elementor-widget elementor-widget-heading\" data-id=\"af6898f\" data-element_type=\"widget\" data-widget_type=\"heading.default\">\n\t\t\t\t<div class=\"elementor-widget-container\">\n\t\t\t<p class=\"elementor-heading-title elementor-size-default\">Genom att g\u00f6ra det enkelt f\u00f6r vem som helst att b\u00f6rja s\u00e4lja p\u00e5 internet, via sin hemsida eller sociala medier, kan \u00e4ven sm\u00e5 och medelstora verksamheter hitta nya kunder \u00f6ver hela landet. Vi har inga fasta m\u00e5nadsavgifter, s\u00e5 Kwikk kostar bara n\u00e4r s\u00e4ljaren tj\u00e4nar pengar. Det blir ocks\u00e5 m\u00f6jligt f\u00f6r f\u00f6retagen att testa att s\u00e4lja p\u00e5 n\u00e4tet utan att g\u00f6ra en investering eller f\u00f6r\u00e4ndra hela sin verksamhet. Win-win!<br><br>\n\nVi vill att alla ska ha m\u00f6jlighet att anv\u00e4nda Internet som en plattform f\u00f6r att n\u00e5 sina kunder. Vi vill att \u00e4ven sm\u00e5skaliga och lokala producenter ska ha samma m\u00f6jlighet att n\u00e5 sina kunder som de internationella giganterna har, s\u00e5 att fler konsumenter kan v\u00e4lja lokala produkter. Det tror vi \u00e4r en h\u00e5llbar utveckling av handeln.<\/p>\t\t<\/div>\n\t\t\t\t<\/div>\n\t\t\t\t\t<\/div>\n\t\t<\/div>\n\t\t\t\t\t\t\t<\/div>\n\t\t<\/section>\n\t\t\t\t\t\t\t<\/div>\n\t\t","protected":false},"excerpt":{"rendered":"<p>F\u00f6r att lokala f\u00f6retag ska v\u00e4xa Ett nytt s\u00e4tt att ta betalt p\u00e5 n\u00e4tet Efter att ha h\u00f6rt &#8221;e-handel \u00e4r nog ingenting f\u00f6r mig&#8221; en g\u00e5ng f\u00f6r mycket, best\u00e4mde vi oss f\u00f6r att det var dags att g\u00f6ra n\u00e5got annorlunda. Att s\u00e4nka tr\u00f6skeln till handel&#8230;<\/p>\n","protected":false},"author":1,"featured_media":0,"parent":0,"menu_order":8,"comment_status":"closed","ping_status":"closed","template":"elementor_header_footer","meta":{"inline_featured_image":false},"yoast_head":"<!-- This site is optimized with the Yoast SEO plugin v18.5.1 - https:\/\/yoast.com\/wordpress\/plugins\/seo\/ -->\n<title>Om oss - Kwikk<\/title>\n<meta name=\"description\" content=\"Efter att ha h\u00f6rt &quot;e-handel \u00e4r nog ingenting f\u00f6r mig&quot; en g\u00e5ng f\u00f6r mycket, best\u00e4mde vi oss f\u00f6r att det var dags att s\u00e4nka tr\u00f6skeln \u2013 f\u00f6r alla.\" \/>\n<meta name=\"robots\" content=\"index, follow, max-snippet:-1, max-image-preview:large, max-video-preview:-1\" \/>\n<link rel=\"canonical\" href=\"https:\/\/www.kwikk.se\/en\/om-oss\/\" \/>\n<meta property=\"og:locale\" content=\"sv_SE\" \/>\n<meta property=\"og:type\" content=\"article\" \/>\n<meta property=\"og:title\" content=\"Om oss - Kwikk\" \/>\n<meta property=\"og:description\" content=\"Efter att ha h\u00f6rt &quot;e-handel \u00e4r nog ingenting f\u00f6r mig&quot; en g\u00e5ng f\u00f6r mycket, best\u00e4mde vi oss f\u00f6r att det var dags att s\u00e4nka tr\u00f6skeln \u2013 f\u00f6r alla.\" \/>\n<meta property=\"og:url\" content=\"https:\/\/www.kwikk.se\/en\/om-oss\/\" \/>\n<meta property=\"og:site_name\" content=\"Kwikk\" \/>\n<meta property=\"article:publisher\" content=\"https:\/\/www.facebook.com\/sokwikk\/\" \/>\n<meta property=\"article:modified_time\" content=\"2022-04-20T22:21:46+00:00\" \/>\n<meta property=\"og:image\" content=\"https:\/\/www.kwikk.se\/wp-content\/uploads\/2022\/03\/Kwikk_11_bw-1024x683.jpg\" \/>\n<meta name=\"twitter:card\" content=\"summary_large_image\" \/>\n<meta name=\"twitter:label1\" content=\"Ber\u00e4knad l\u00e4stid\" \/>\n\t<meta name=\"twitter:data1\" content=\"2 minuter\" \/>\n<script type=\"application\/ld+json\" class=\"yoast-schema-graph\">{\"@context\":\"https:\/\/schema.org\",\"@graph\":[{\"@type\":\"Organization\",\"@id\":\"https:\/\/www.kwikk.se\/en\/#organization\",\"name\":\"Kwikk\",\"url\":\"https:\/\/www.kwikk.se\/en\/\",\"sameAs\":[\"https:\/\/www.facebook.com\/sokwikk\/\",\"https:\/\/www.instagram.com\/kwikkpayments\/\"],\"logo\":{\"@type\":\"ImageObject\",\"@id\":\"https:\/\/www.kwikk.se\/en\/#logo\",\"inLanguage\":\"sv-SE\",\"url\":\"https:\/\/www.kwikk.se\/wp-content\/uploads\/2022\/03\/kwikk_logo_black.png\",\"contentUrl\":\"https:\/\/www.kwikk.se\/wp-content\/uploads\/2022\/03\/kwikk_logo_black.png\",\"width\":595,\"height\":192,\"caption\":\"Kwikk\"},\"image\":{\"@id\":\"https:\/\/www.kwikk.se\/en\/#logo\"}},{\"@type\":\"WebSite\",\"@id\":\"https:\/\/www.kwikk.se\/en\/#website\",\"url\":\"https:\/\/www.kwikk.se\/en\/\",\"name\":\"Kwikk\",\"description\":\"A faster way to sell online.\",\"publisher\":{\"@id\":\"https:\/\/www.kwikk.se\/en\/#organization\"},\"potentialAction\":[{\"@type\":\"SearchAction\",\"target\":{\"@type\":\"EntryPoint\",\"urlTemplate\":\"https:\/\/www.kwikk.se\/en\/?s={search_term_string}\"},\"query-input\":\"required name=search_term_string\"}],\"inLanguage\":\"sv-SE\"},{\"@type\":\"ImageObject\",\"@id\":\"https:\/\/www.kwikk.se\/en\/om-oss\/#primaryimage\",\"inLanguage\":\"sv-SE\",\"url\":\"https:\/\/www.kwikk.se\/wp-content\/uploads\/2022\/03\/Kwikk_11_bw-1024x683.jpg\",\"contentUrl\":\"https:\/\/www.kwikk.se\/wp-content\/uploads\/2022\/03\/Kwikk_11_bw-1024x683.jpg\"},{\"@type\":\"WebPage\",\"@id\":\"https:\/\/www.kwikk.se\/en\/om-oss\/#webpage\",\"url\":\"https:\/\/www.kwikk.se\/en\/om-oss\/\",\"name\":\"Om oss - Kwikk\",\"isPartOf\":{\"@id\":\"https:\/\/www.kwikk.se\/en\/#website\"},\"primaryImageOfPage\":{\"@id\":\"https:\/\/www.kwikk.se\/en\/om-oss\/#primaryimage\"},\"datePublished\":\"2022-03-22T21:45:51+00:00\",\"dateModified\":\"2022-04-20T22:21:46+00:00\",\"description\":\"Efter att ha h\u00f6rt \\\"e-handel \u00e4r nog ingenting f\u00f6r mig\\\" en g\u00e5ng f\u00f6r mycket, best\u00e4mde vi oss f\u00f6r att det var dags att s\u00e4nka tr\u00f6skeln \u2013 f\u00f6r alla.\",\"breadcrumb\":{\"@id\":\"https:\/\/www.kwikk.se\/en\/om-oss\/#breadcrumb\"},\"inLanguage\":\"sv-SE\",\"potentialAction\":[{\"@type\":\"ReadAction\",\"target\":[\"https:\/\/www.kwikk.se\/en\/om-oss\/\"]}]},{\"@type\":\"BreadcrumbList\",\"@id\":\"https:\/\/www.kwikk.se\/en\/om-oss\/#breadcrumb\",\"itemListElement\":[{\"@type\":\"ListItem\",\"position\":1,\"name\":\"Hem\",\"item\":\"https:\/\/www.kwikk.se\/en\/\"},{\"@type\":\"ListItem\",\"position\":2,\"name\":\"Om oss\"}]}]}<\/script>\n<!-- \/ Yoast SEO plugin. -->","yoast_head_json":{"title":"Om oss - Kwikk","description":"Efter att ha h\u00f6rt \"e-handel \u00e4r nog ingenting f\u00f6r mig\" en g\u00e5ng f\u00f6r mycket, best\u00e4mde vi oss f\u00f6r att det var dags att s\u00e4nka tr\u00f6skeln \u2013 f\u00f6r alla.","robots":{"index":"index","follow":"follow","max-snippet":"max-snippet:-1","max-image-preview":"max-image-preview:large","max-video-preview":"max-video-preview:-1"},"canonical":"https:\/\/www.kwikk.se\/en\/om-oss\/","og_locale":"sv_SE","og_type":"article","og_title":"Om oss - Kwikk","og_description":"Efter att ha h\u00f6rt \"e-handel \u00e4r nog ingenting f\u00f6r mig\" en g\u00e5ng f\u00f6r mycket, best\u00e4mde vi oss f\u00f6r att det var dags att s\u00e4nka tr\u00f6skeln \u2013 f\u00f6r alla.","og_url":"https:\/\/www.kwikk.se\/en\/om-oss\/","og_site_name":"Kwikk","article_publisher":"https:\/\/www.facebook.com\/sokwikk\/","article_modified_time":"2022-04-20T22:21:46+00:00","og_image":[{"url":"https:\/\/www.kwikk.se\/wp-content\/uploads\/2022\/03\/Kwikk_11_bw-1024x683.jpg"}],"twitter_card":"summary_large_image","twitter_misc":{"Ber\u00e4knad l\u00e4stid":"2 minuter"},"schema":{"@context":"https:\/\/schema.org","@graph":[{"@type":"Organization","@id":"https:\/\/www.kwikk.se\/en\/#organization","name":"Kwikk","url":"https:\/\/www.kwikk.se\/en\/","sameAs":["https:\/\/www.facebook.com\/sokwikk\/","https:\/\/www.instagram.com\/kwikkpayments\/"],"logo":{"@type":"ImageObject","@id":"https:\/\/www.kwikk.se\/en\/#logo","inLanguage":"sv-SE","url":"https:\/\/www.kwikk.se\/wp-content\/uploads\/2022\/03\/kwikk_logo_black.png","contentUrl":"https:\/\/www.kwikk.se\/wp-content\/uploads\/2022\/03\/kwikk_logo_black.png","width":595,"height":192,"caption":"Kwikk"},"image":{"@id":"https:\/\/www.kwikk.se\/en\/#logo"}},{"@type":"WebSite","@id":"https:\/\/www.kwikk.se\/en\/#website","url":"https:\/\/www.kwikk.se\/en\/","name":"Kwikk","description":"A faster way to sell online.","publisher":{"@id":"https:\/\/www.kwikk.se\/en\/#organization"},"potentialAction":[{"@type":"SearchAction","target":{"@type":"EntryPoint","urlTemplate":"https:\/\/www.kwikk.se\/en\/?s={search_term_string}"},"query-input":"required name=search_term_string"}],"inLanguage":"sv-SE"},{"@type":"ImageObject","@id":"https:\/\/www.kwikk.se\/en\/om-oss\/#primaryimage","inLanguage":"sv-SE","url":"https:\/\/www.kwikk.se\/wp-content\/uploads\/2022\/03\/Kwikk_11_bw-1024x683.jpg","contentUrl":"https:\/\/www.kwikk.se\/wp-content\/uploads\/2022\/03\/Kwikk_11_bw-1024x683.jpg"},{"@type":"WebPage","@id":"https:\/\/www.kwikk.se\/en\/om-oss\/#webpage","url":"https:\/\/www.kwikk.se\/en\/om-oss\/","name":"Om oss - Kwikk","isPartOf":{"@id":"https:\/\/www.kwikk.se\/en\/#website"},"primaryImageOfPage":{"@id":"https:\/\/www.kwikk.se\/en\/om-oss\/#primaryimage"},"datePublished":"2022-03-22T21:45:51+00:00","dateModified":"2022-04-20T22:21:46+00:00","description":"Efter att ha h\u00f6rt \"e-handel \u00e4r nog ingenting f\u00f6r mig\" en g\u00e5ng f\u00f6r mycket, best\u00e4mde vi oss f\u00f6r att det var dags att s\u00e4nka tr\u00f6skeln \u2013 f\u00f6r alla.","breadcrumb":{"@id":"https:\/\/www.kwikk.se\/en\/om-oss\/#breadcrumb"},"inLanguage":"sv-SE","potentialAction":[{"@type":"ReadAction","target":["https:\/\/www.kwikk.se\/en\/om-oss\/"]}]},{"@type":"BreadcrumbList","@id":"https:\/\/www.kwikk.se\/en\/om-oss\/#breadcrumb","itemListElement":[{"@type":"ListItem","position":1,"name":"Hem","item":"https:\/\/www.kwikk.se\/en\/"},{"@type":"ListItem","position":2,"name":"Om oss"}]}]}},"_links":{"self":[{"href":"https:\/\/www.kwikk.se\/en\/wp-json\/wp\/v2\/pages\/2357"}],"collection":[{"href":"https:\/\/www.kwikk.se\/en\/wp-json\/wp\/v2\/pages"}],"about":[{"href":"https:\/\/www.kwikk.se\/en\/wp-json\/wp\/v2\/types\/page"}],"author":[{"embeddable":true,"href":"https:\/\/www.kwikk.se\/en\/wp-json\/wp\/v2\/users\/1"}],"replies":[{"embeddable":true,"href":"https:\/\/www.kwikk.se\/en\/wp-json\/wp\/v2\/comments?post=2357"}],"version-history":[{"count":104,"href":"https:\/\/www.kwikk.se\/en\/wp-json\/wp\/v2\/pages\/2357\/revisions"}],"predecessor-version":[{"id":5067,"href":"https:\/\/www.kwikk.se\/en\/wp-json\/wp\/v2\/pages\/2357\/revisions\/5067"}],"wp:attachment":[{"href":"https:\/\/www.kwikk.se\/en\/wp-json\/wp\/v2\/media?parent=2357"}],"curies":[{"name":"wp","href":"https:\/\/api.w.org\/{rel}","templated":true}]}}