{"id":2410,"date":"2022-03-23T00:45:58","date_gmt":"2022-03-22T23:45:58","guid":{"rendered":"https:\/\/www.kwikk.se\/?page_id=2410"},"modified":"2022-04-10T18:28:16","modified_gmt":"2022-04-10T17:28:16","slug":"kontakt","status":"publish","type":"page","link":"https:\/\/www.kwikk.se\/en\/kontakt\/","title":{"rendered":"Kontakt"},"content":{"rendered":"\t\t<div data-elementor-type=\"wp-page\" data-elementor-id=\"2410\" class=\"elementor elementor-2410\">\n\t\t\t\t\t\t\t\t\t<section class=\"elementor-section elementor-top-section elementor-element elementor-element-65fcfb90 elementor-section-full_width elementor-section-height-min-height elementor-section-height-default elementor-section-items-middle parallax_section_no qode_elementor_container_no\" data-id=\"65fcfb90\" data-element_type=\"section\">\n\t\t\t\t\t\t\t<div class=\"elementor-background-overlay\"><\/div>\n\t\t\t\t\t\t\t<div class=\"elementor-container elementor-column-gap-default\">\n\t\t\t\t\t<div class=\"elementor-column elementor-col-50 elementor-top-column elementor-element elementor-element-715dd2b animated-slow elementor-invisible\" data-id=\"715dd2b\" data-element_type=\"column\" data-settings=\"{&quot;animation&quot;:&quot;fadeIn&quot;}\">\n\t\t\t<div class=\"elementor-widget-wrap elementor-element-populated\">\n\t\t\t\t\t\t\t\t<div class=\"elementor-element elementor-element-765f177 elementor-widget elementor-widget-spacer\" data-id=\"765f177\" data-element_type=\"widget\" data-widget_type=\"spacer.default\">\n\t\t\t\t<div class=\"elementor-widget-container\">\n\t\t\t<style>\/*! elementor - v3.15.0 - 20-08-2023 *\/\n.elementor-column .elementor-spacer-inner{height:var(--spacer-size)}.e-con{--container-widget-width:100%}.e-con-inner>.elementor-widget-spacer,.e-con>.elementor-widget-spacer{width:var(--container-widget-width,var(--spacer-size));--align-self:var(--container-widget-align-self,initial);--flex-shrink:0}.e-con-inner>.elementor-widget-spacer>.elementor-widget-container,.e-con-inner>.elementor-widget-spacer>.elementor-widget-container>.elementor-spacer,.e-con>.elementor-widget-spacer>.elementor-widget-container,.e-con>.elementor-widget-spacer>.elementor-widget-container>.elementor-spacer{height:100%}.e-con-inner>.elementor-widget-spacer>.elementor-widget-container>.elementor-spacer>.elementor-spacer-inner,.e-con>.elementor-widget-spacer>.elementor-widget-container>.elementor-spacer>.elementor-spacer-inner{height:var(--container-widget-height,var(--spacer-size))}<\/style>\t\t<div class=\"elementor-spacer\">\n\t\t\t<div class=\"elementor-spacer-inner\"><\/div>\n\t\t<\/div>\n\t\t\t\t<\/div>\n\t\t\t\t<\/div>\n\t\t\t\t<div class=\"elementor-element elementor-element-d547ab8 elementor-widget elementor-widget-heading\" data-id=\"d547ab8\" data-element_type=\"widget\" data-widget_type=\"heading.default\">\n\t\t\t\t<div class=\"elementor-widget-container\">\n\t\t\t<style>\/*! elementor - v3.15.0 - 20-08-2023 *\/\n.elementor-heading-title{padding:0;margin:0;line-height:1}.elementor-widget-heading .elementor-heading-title[class*=elementor-size-]>a{color:inherit;font-size:inherit;line-height:inherit}.elementor-widget-heading .elementor-heading-title.elementor-size-small{font-size:15px}.elementor-widget-heading .elementor-heading-title.elementor-size-medium{font-size:19px}.elementor-widget-heading .elementor-heading-title.elementor-size-large{font-size:29px}.elementor-widget-heading .elementor-heading-title.elementor-size-xl{font-size:39px}.elementor-widget-heading .elementor-heading-title.elementor-size-xxl{font-size:59px}<\/style><h1 class=\"elementor-heading-title elementor-size-default\">Kontakt<\/h1>\t\t<\/div>\n\t\t\t\t<\/div>\n\t\t\t\t<div class=\"elementor-element elementor-element-6eee37a elementor-widget elementor-widget-text-editor\" data-id=\"6eee37a\" data-element_type=\"widget\" data-widget_type=\"text-editor.default\">\n\t\t\t\t<div class=\"elementor-widget-container\">\n\t\t\t<style>\/*! elementor - v3.15.0 - 20-08-2023 *\/\n.elementor-widget-text-editor.elementor-drop-cap-view-stacked .elementor-drop-cap{background-color:#69727d;color:#fff}.elementor-widget-text-editor.elementor-drop-cap-view-framed .elementor-drop-cap{color:#69727d;border:3px solid;background-color:transparent}.elementor-widget-text-editor:not(.elementor-drop-cap-view-default) .elementor-drop-cap{margin-top:8px}.elementor-widget-text-editor:not(.elementor-drop-cap-view-default) .elementor-drop-cap-letter{width:1em;height:1em}.elementor-widget-text-editor .elementor-drop-cap{float:left;text-align:center;line-height:1;font-size:50px}.elementor-widget-text-editor .elementor-drop-cap-letter{display:inline-block}<\/style>\t\t\t\t<p>V\u00e4lkommen att kontakta oss! Vi har kontor i Mora och Borl\u00e4nge.<\/p><p><span style=\"color: #003366;\"><span style=\"text-decoration: underline;\"><a style=\"color: #003366; text-decoration: underline;\" href=\"tel:0046250559697\">0250-55 96 97<\/a><\/span><\/span><br \/><span style=\"text-decoration: underline;\"><span style=\"color: #003366;\"><a style=\"color: #003366; text-decoration: underline;\" href=\"mailto:hej@kwikk.se\">hej@kwikk.se<\/a><\/span><\/span><\/p><p><b>Bes\u00f6ksadresser:<\/b> <br \/>Mora: <span style=\"text-decoration: underline;\"><span style=\"color: #003366;\"><a style=\"color: #003366; text-decoration: underline;\" href=\"https:\/\/goo.gl\/maps\/zTpv8iiRVnwz1Ejp9\" target=\"_blank\" rel=\"noopener\">Fridhemsgatan 15, 792 30<\/a><\/span><\/span> <br \/>Borl\u00e4nge: <span style=\"text-decoration: underline;\"><span style=\"color: #003366;\"><a style=\"color: #003366; text-decoration: underline;\" href=\"https:\/\/goo.gl\/maps\/BYA7RpzEa8Di7PTw9\" target=\"_blank\" rel=\"noopener\">Forskargatan 3, 781 27<\/a><\/span><\/span><\/p>\t\t\t\t\t\t<\/div>\n\t\t\t\t<\/div>\n\t\t\t\t\t<\/div>\n\t\t<\/div>\n\t\t\t\t<div class=\"elementor-column elementor-col-50 elementor-top-column elementor-element elementor-element-63de3664 animated-slow elementor-invisible\" data-id=\"63de3664\" data-element_type=\"column\" data-settings=\"{&quot;animation&quot;:&quot;fadeInRight&quot;}\">\n\t\t\t<div class=\"elementor-widget-wrap elementor-element-populated\">\n\t\t\t\t\t\t\t\t<div class=\"elementor-element elementor-element-dc2662e elementor-widget elementor-widget-spacer\" data-id=\"dc2662e\" data-element_type=\"widget\" data-widget_type=\"spacer.default\">\n\t\t\t\t<div class=\"elementor-widget-container\">\n\t\t\t\t\t<div class=\"elementor-spacer\">\n\t\t\t<div class=\"elementor-spacer-inner\"><\/div>\n\t\t<\/div>\n\t\t\t\t<\/div>\n\t\t\t\t<\/div>\n\t\t\t\t<div class=\"elementor-element elementor-element-c9784a2 kontakt__img-with-text elementor-widget elementor-widget-image\" data-id=\"c9784a2\" data-element_type=\"widget\" data-widget_type=\"image.default\">\n\t\t\t\t<div class=\"elementor-widget-container\">\n\t\t\t<style>\/*! elementor - v3.15.0 - 20-08-2023 *\/\n.elementor-widget-image{text-align:center}.elementor-widget-image a{display:inline-block}.elementor-widget-image a img[src$=\".svg\"]{width:48px}.elementor-widget-image img{vertical-align:middle;display:inline-block}<\/style>\t\t\t\t\t\t\t\t\t<figure class=\"wp-caption\">\n\t\t\t\t\t\t\t\t\t\t<img width=\"650\" height=\"650\" src=\"https:\/\/www.kwikk.se\/en\/wp-content\/uploads\/2022\/03\/kwikk_office-650x650.jpg\" class=\"attachment-qi_addons_for_elementor_image_size_square size-qi_addons_for_elementor_image_size_square wp-image-2417\" alt=\"\" loading=\"lazy\" srcset=\"https:\/\/www.kwikk.se\/en\/wp-content\/uploads\/2022\/03\/kwikk_office-650x650.jpg 650w, https:\/\/www.kwikk.se\/en\/wp-content\/uploads\/2022\/03\/kwikk_office-150x150.jpg 150w, https:\/\/www.kwikk.se\/en\/wp-content\/uploads\/2022\/03\/kwikk_office-570x570.jpg 570w, https:\/\/www.kwikk.se\/en\/wp-content\/uploads\/2022\/03\/kwikk_office-500x500.jpg 500w, https:\/\/www.kwikk.se\/en\/wp-content\/uploads\/2022\/03\/kwikk_office-1000x1000.jpg 1000w, https:\/\/www.kwikk.se\/en\/wp-content\/uploads\/2022\/03\/kwikk_office-1300x1300.jpg 1300w\" sizes=\"(max-width: 650px) 100vw, 650px\" \/>\t\t\t\t\t\t\t\t\t\t\t<figcaption class=\"widget-image-caption wp-caption-text\">Topfloor, Mora<\/figcaption>\n\t\t\t\t\t\t\t\t\t\t<\/figure>\n\t\t\t\t\t\t\t\t\t<\/div>\n\t\t\t\t<\/div>\n\t\t\t\t\t<\/div>\n\t\t<\/div>\n\t\t\t\t\t\t\t<\/div>\n\t\t<\/section>\n\t\t\t\t<section class=\"elementor-section elementor-top-section elementor-element elementor-element-eab2ac7 elementor-section-full_width elementor-section-height-default elementor-section-height-default parallax_section_no qode_elementor_container_no\" data-id=\"eab2ac7\" data-element_type=\"section\">\n\t\t\t\t\t\t<div class=\"elementor-container elementor-column-gap-default\">\n\t\t\t\t\t<div class=\"elementor-column elementor-col-50 elementor-top-column elementor-element elementor-element-e07ad51\" data-id=\"e07ad51\" data-element_type=\"column\">\n\t\t\t<div class=\"elementor-widget-wrap elementor-element-populated\">\n\t\t\t\t\t\t\t\t<div class=\"elementor-element elementor-element-533ca2e elementor-widget elementor-widget-heading\" data-id=\"533ca2e\" data-element_type=\"widget\" data-widget_type=\"heading.default\">\n\t\t\t\t<div class=\"elementor-widget-container\">\n\t\t\t<p class=\"elementor-heading-title elementor-size-default\"><b id=\"karriar\">Karri\u00e4r<\/b> <br>\nVi letar alltid efter andra som brinner f\u00f6r att utveckla framtidens handel!<br><br>\n\nJust nu har vi inga platsannonser ute, men h\u00f6r g\u00e4rna av dig om du \u00e4r intresserad av att jobba med oss!\n\n<\/p>\t\t<\/div>\n\t\t\t\t<\/div>\n\t\t\t\t\t<\/div>\n\t\t<\/div>\n\t\t\t\t<div class=\"elementor-column elementor-col-50 elementor-top-column elementor-element elementor-element-2f4a1a4\" data-id=\"2f4a1a4\" data-element_type=\"column\">\n\t\t\t<div class=\"elementor-widget-wrap elementor-element-populated\">\n\t\t\t\t\t\t\t\t<div class=\"elementor-element elementor-element-202c21b elementor-widget elementor-widget-heading\" data-id=\"202c21b\" data-element_type=\"widget\" data-widget_type=\"heading.default\">\n\t\t\t\t<div class=\"elementor-widget-container\">\n\t\t\t<p class=\"elementor-heading-title elementor-size-default\"><b id=\"partner\">Partner<\/b><br>\nKwikk g\u00f6r sig allra b\u00e4st som en del av ett st\u00f6rre sammanhang! Har du en id\u00e9 p\u00e5 hur vi skulle kunna samarbeta? Kontakta oss, s\u00e5 tar vi g\u00e4rna ett f\u00f6ruts\u00e4ttningsl\u00f6st m\u00f6te.\n\n<\/p>\t\t<\/div>\n\t\t\t\t<\/div>\n\t\t\t\t\t<\/div>\n\t\t<\/div>\n\t\t\t\t\t\t\t<\/div>\n\t\t<\/section>\n\t\t\t\t\t\t\t<\/div>\n\t\t","protected":false},"excerpt":{"rendered":"<p>Kontakt V\u00e4lkommen att kontakta oss! Vi har kontor i Mora och Borl\u00e4nge. 0250-55 96 97 hej@kwikk.se Bes\u00f6ksadresser: Mora: Fridhemsgatan 15, 792 30 Borl\u00e4nge: Forskargatan 3, 781 27 Topfloor, Mora Karri\u00e4r Vi letar alltid efter andra som brinner f\u00f6r att utveckla framtidens handel! Just nu har&#8230;<\/p>\n","protected":false},"author":1,"featured_media":0,"parent":0,"menu_order":8,"comment_status":"closed","ping_status":"closed","template":"elementor_header_footer","meta":{"inline_featured_image":false},"yoast_head":"<!-- This site is optimized with the Yoast SEO plugin v18.5.1 - https:\/\/yoast.com\/wordpress\/plugins\/seo\/ -->\n<title>Kontakt - Kwikk<\/title>\n<meta name=\"description\" content=\"V\u00e4lkommen att kontakta oss om du har n\u00e5gra fr\u00e5gor!\" \/>\n<meta name=\"robots\" content=\"index, follow, max-snippet:-1, max-image-preview:large, max-video-preview:-1\" \/>\n<link rel=\"canonical\" href=\"https:\/\/www.kwikk.se\/en\/kontakt\/\" \/>\n<meta property=\"og:locale\" content=\"sv_SE\" \/>\n<meta property=\"og:type\" content=\"article\" \/>\n<meta property=\"og:title\" content=\"Kontakt - Kwikk\" \/>\n<meta property=\"og:description\" content=\"V\u00e4lkommen att kontakta oss om du har n\u00e5gra fr\u00e5gor!\" \/>\n<meta property=\"og:url\" content=\"https:\/\/www.kwikk.se\/en\/kontakt\/\" \/>\n<meta property=\"og:site_name\" content=\"Kwikk\" \/>\n<meta property=\"article:publisher\" content=\"https:\/\/www.facebook.com\/sokwikk\/\" \/>\n<meta property=\"article:modified_time\" content=\"2022-04-10T17:28:16+00:00\" \/>\n<meta property=\"og:image\" content=\"https:\/\/www.kwikk.se\/wp-content\/uploads\/2022\/03\/kwikk_office-650x650.jpg\" \/>\n<meta name=\"twitter:card\" content=\"summary_large_image\" \/>\n<meta name=\"twitter:label1\" content=\"Ber\u00e4knad l\u00e4stid\" \/>\n\t<meta name=\"twitter:data1\" content=\"1 minut\" \/>\n<script type=\"application\/ld+json\" class=\"yoast-schema-graph\">{\"@context\":\"https:\/\/schema.org\",\"@graph\":[{\"@type\":\"Organization\",\"@id\":\"https:\/\/www.kwikk.se\/en\/#organization\",\"name\":\"Kwikk\",\"url\":\"https:\/\/www.kwikk.se\/en\/\",\"sameAs\":[\"https:\/\/www.facebook.com\/sokwikk\/\",\"https:\/\/www.instagram.com\/kwikkpayments\/\"],\"logo\":{\"@type\":\"ImageObject\",\"@id\":\"https:\/\/www.kwikk.se\/en\/#logo\",\"inLanguage\":\"sv-SE\",\"url\":\"https:\/\/www.kwikk.se\/wp-content\/uploads\/2022\/03\/kwikk_logo_black.png\",\"contentUrl\":\"https:\/\/www.kwikk.se\/wp-content\/uploads\/2022\/03\/kwikk_logo_black.png\",\"width\":595,\"height\":192,\"caption\":\"Kwikk\"},\"image\":{\"@id\":\"https:\/\/www.kwikk.se\/en\/#logo\"}},{\"@type\":\"WebSite\",\"@id\":\"https:\/\/www.kwikk.se\/en\/#website\",\"url\":\"https:\/\/www.kwikk.se\/en\/\",\"name\":\"Kwikk\",\"description\":\"A faster way to sell online.\",\"publisher\":{\"@id\":\"https:\/\/www.kwikk.se\/en\/#organization\"},\"potentialAction\":[{\"@type\":\"SearchAction\",\"target\":{\"@type\":\"EntryPoint\",\"urlTemplate\":\"https:\/\/www.kwikk.se\/en\/?s={search_term_string}\"},\"query-input\":\"required name=search_term_string\"}],\"inLanguage\":\"sv-SE\"},{\"@type\":\"ImageObject\",\"@id\":\"https:\/\/www.kwikk.se\/en\/kontakt\/#primaryimage\",\"inLanguage\":\"sv-SE\",\"url\":\"https:\/\/www.kwikk.se\/wp-content\/uploads\/2022\/03\/kwikk_office-650x650.jpg\",\"contentUrl\":\"https:\/\/www.kwikk.se\/wp-content\/uploads\/2022\/03\/kwikk_office-650x650.jpg\"},{\"@type\":\"WebPage\",\"@id\":\"https:\/\/www.kwikk.se\/en\/kontakt\/#webpage\",\"url\":\"https:\/\/www.kwikk.se\/en\/kontakt\/\",\"name\":\"Kontakt - Kwikk\",\"isPartOf\":{\"@id\":\"https:\/\/www.kwikk.se\/en\/#website\"},\"primaryImageOfPage\":{\"@id\":\"https:\/\/www.kwikk.se\/en\/kontakt\/#primaryimage\"},\"datePublished\":\"2022-03-22T23:45:58+00:00\",\"dateModified\":\"2022-04-10T17:28:16+00:00\",\"description\":\"V\u00e4lkommen att kontakta oss om du har n\u00e5gra fr\u00e5gor!\",\"breadcrumb\":{\"@id\":\"https:\/\/www.kwikk.se\/en\/kontakt\/#breadcrumb\"},\"inLanguage\":\"sv-SE\",\"potentialAction\":[{\"@type\":\"ReadAction\",\"target\":[\"https:\/\/www.kwikk.se\/en\/kontakt\/\"]}]},{\"@type\":\"BreadcrumbList\",\"@id\":\"https:\/\/www.kwikk.se\/en\/kontakt\/#breadcrumb\",\"itemListElement\":[{\"@type\":\"ListItem\",\"position\":1,\"name\":\"Hem\",\"item\":\"https:\/\/www.kwikk.se\/en\/\"},{\"@type\":\"ListItem\",\"position\":2,\"name\":\"Kontakt\"}]}]}<\/script>\n<!-- \/ Yoast SEO plugin. -->","yoast_head_json":{"title":"Kontakt - Kwikk","description":"V\u00e4lkommen att kontakta oss om du har n\u00e5gra fr\u00e5gor!","robots":{"index":"index","follow":"follow","max-snippet":"max-snippet:-1","max-image-preview":"max-image-preview:large","max-video-preview":"max-video-preview:-1"},"canonical":"https:\/\/www.kwikk.se\/en\/kontakt\/","og_locale":"sv_SE","og_type":"article","og_title":"Kontakt - Kwikk","og_description":"V\u00e4lkommen att kontakta oss om du har n\u00e5gra fr\u00e5gor!","og_url":"https:\/\/www.kwikk.se\/en\/kontakt\/","og_site_name":"Kwikk","article_publisher":"https:\/\/www.facebook.com\/sokwikk\/","article_modified_time":"2022-04-10T17:28:16+00:00","og_image":[{"url":"https:\/\/www.kwikk.se\/wp-content\/uploads\/2022\/03\/kwikk_office-650x650.jpg"}],"twitter_card":"summary_large_image","twitter_misc":{"Ber\u00e4knad l\u00e4stid":"1 minut"},"schema":{"@context":"https:\/\/schema.org","@graph":[{"@type":"Organization","@id":"https:\/\/www.kwikk.se\/en\/#organization","name":"Kwikk","url":"https:\/\/www.kwikk.se\/en\/","sameAs":["https:\/\/www.facebook.com\/sokwikk\/","https:\/\/www.instagram.com\/kwikkpayments\/"],"logo":{"@type":"ImageObject","@id":"https:\/\/www.kwikk.se\/en\/#logo","inLanguage":"sv-SE","url":"https:\/\/www.kwikk.se\/wp-content\/uploads\/2022\/03\/kwikk_logo_black.png","contentUrl":"https:\/\/www.kwikk.se\/wp-content\/uploads\/2022\/03\/kwikk_logo_black.png","width":595,"height":192,"caption":"Kwikk"},"image":{"@id":"https:\/\/www.kwikk.se\/en\/#logo"}},{"@type":"WebSite","@id":"https:\/\/www.kwikk.se\/en\/#website","url":"https:\/\/www.kwikk.se\/en\/","name":"Kwikk","description":"A faster way to sell online.","publisher":{"@id":"https:\/\/www.kwikk.se\/en\/#organization"},"potentialAction":[{"@type":"SearchAction","target":{"@type":"EntryPoint","urlTemplate":"https:\/\/www.kwikk.se\/en\/?s={search_term_string}"},"query-input":"required name=search_term_string"}],"inLanguage":"sv-SE"},{"@type":"ImageObject","@id":"https:\/\/www.kwikk.se\/en\/kontakt\/#primaryimage","inLanguage":"sv-SE","url":"https:\/\/www.kwikk.se\/wp-content\/uploads\/2022\/03\/kwikk_office-650x650.jpg","contentUrl":"https:\/\/www.kwikk.se\/wp-content\/uploads\/2022\/03\/kwikk_office-650x650.jpg"},{"@type":"WebPage","@id":"https:\/\/www.kwikk.se\/en\/kontakt\/#webpage","url":"https:\/\/www.kwikk.se\/en\/kontakt\/","name":"Kontakt - Kwikk","isPartOf":{"@id":"https:\/\/www.kwikk.se\/en\/#website"},"primaryImageOfPage":{"@id":"https:\/\/www.kwikk.se\/en\/kontakt\/#primaryimage"},"datePublished":"2022-03-22T23:45:58+00:00","dateModified":"2022-04-10T17:28:16+00:00","description":"V\u00e4lkommen att kontakta oss om du har n\u00e5gra fr\u00e5gor!","breadcrumb":{"@id":"https:\/\/www.kwikk.se\/en\/kontakt\/#breadcrumb"},"inLanguage":"sv-SE","potentialAction":[{"@type":"ReadAction","target":["https:\/\/www.kwikk.se\/en\/kontakt\/"]}]},{"@type":"BreadcrumbList","@id":"https:\/\/www.kwikk.se\/en\/kontakt\/#breadcrumb","itemListElement":[{"@type":"ListItem","position":1,"name":"Hem","item":"https:\/\/www.kwikk.se\/en\/"},{"@type":"ListItem","position":2,"name":"Kontakt"}]}]}},"_links":{"self":[{"href":"https:\/\/www.kwikk.se\/en\/wp-json\/wp\/v2\/pages\/2410"}],"collection":[{"href":"https:\/\/www.kwikk.se\/en\/wp-json\/wp\/v2\/pages"}],"about":[{"href":"https:\/\/www.kwikk.se\/en\/wp-json\/wp\/v2\/types\/page"}],"author":[{"embeddable":true,"href":"https:\/\/www.kwikk.se\/en\/wp-json\/wp\/v2\/users\/1"}],"replies":[{"embeddable":true,"href":"https:\/\/www.kwikk.se\/en\/wp-json\/wp\/v2\/comments?post=2410"}],"version-history":[{"count":63,"href":"https:\/\/www.kwikk.se\/en\/wp-json\/wp\/v2\/pages\/2410\/revisions"}],"predecessor-version":[{"id":4973,"href":"https:\/\/www.kwikk.se\/en\/wp-json\/wp\/v2\/pages\/2410\/revisions\/4973"}],"wp:attachment":[{"href":"https:\/\/www.kwikk.se\/en\/wp-json\/wp\/v2\/media?parent=2410"}],"curies":[{"name":"wp","href":"https:\/\/api.w.org\/{rel}","templated":true}]}}